{"id":23,"date":"2019-06-25T08:29:25","date_gmt":"2019-06-25T08:29:25","guid":{"rendered":"https:\/\/cepixel.com\/pl\/?page_id=23"},"modified":"2025-11-28T07:41:38","modified_gmt":"2025-11-28T07:41:38","slug":"realizacje","status":"publish","type":"page","link":"https:\/\/cepixel.com\/pl\/realizacje\/","title":{"rendered":"Realizacje"},"content":{"rendered":"<div id=\"pl-gb23-69e0412968b7c\"  class=\"panel-layout\" ><div id=\"pg-gb23-69e0412968b7c-0\"  class=\"panel-grid panel-no-style\" ><div id=\"pgc-gb23-69e0412968b7c-0-0\"  class=\"panel-grid-cell\" ><div id=\"panel-gb23-69e0412968b7c-0-0-0\" class=\"so-panel widget widget_cp_case_studies panel-first-child panel-last-child\" data-index=\"0\" ><div class=\"so-widget-cp_case_studies so-widget-cp_case_studies-base\"><div class=\"cases-grid\" :class=\"{'cases-grid--all' : casesShowMore }\">\n\n        \t\t<div class=\"cases-grid__item load-hidden \" data-tilt data-tilt-max=\"0\" data-tilt-speed=\"1000\" data-tilt-perspective=\"500\"  data-tilt-scale=\"1.05\">\n<!--\t\t\t<div class=\"cases-grid__mask\"><\/div>-->\n<!--\t\t\t<div class=\"border-mask\"><\/div>-->\n\t\t\t<div class=\"cases-grid__image\">\n\t\t\t\t<img loading=\"lazy\" decoding=\"async\" decoding=\"async\" src=\"https:\/\/cepixel.com\/pl\/wp-content\/uploads\/sites\/4\/2019\/06\/Oriwood_cover4-1.webp\" class=\"main-image\">\n\t\t\t<\/div>\n\t\t\t<a href=\"https:\/\/cepixel.com\/pl\/case-studies\/producent-drewna-palonego\/\" class=\"cases-grid__desc\">\n\t\t\t\t<span class=\"label\">Branding i strona www<\/span>\n\t\t\t\t<h3>Producent drewna palonego<\/h3>\n\t\t\t\t<p>Oriwood<\/p>\n\t\t\t<\/a>\n\t\t\t<div class=\"cases-grid__next\" @click=\"toggleCases\">\n\t\t\t\t<h3>Wi\u0119cej realizacji<\/h3>\n\t\t\t\t<p>Poka\u017c wszystkie<\/p>\n\t\t\t<\/div>\n\t\t<\/div>\n    \t\t<div class=\"cases-grid__item load-hidden \" data-tilt data-tilt-max=\"0\" data-tilt-speed=\"1000\" data-tilt-perspective=\"500\"  data-tilt-scale=\"1.05\">\n<!--\t\t\t<div class=\"cases-grid__mask\"><\/div>-->\n<!--\t\t\t<div class=\"border-mask\"><\/div>-->\n\t\t\t<div class=\"cases-grid__image\">\n\t\t\t\t<img loading=\"lazy\" decoding=\"async\" decoding=\"async\" src=\"https:\/\/cepixel.com\/pl\/wp-content\/uploads\/sites\/4\/2019\/06\/image-7-1.webp\" class=\"main-image\">\n\t\t\t<\/div>\n\t\t\t<a href=\"https:\/\/cepixel.com\/pl\/case-studies\/eksperci-od-klimatyzacji\/\" class=\"cases-grid__desc\">\n\t\t\t\t<span class=\"label\">E-commerce i Strona www<\/span>\n\t\t\t\t<h3>Eksperci od klimatyzacji<\/h3>\n\t\t\t\t<p>MTP Cooling<\/p>\n\t\t\t<\/a>\n\t\t\t<div class=\"cases-grid__next\" @click=\"toggleCases\">\n\t\t\t\t<h3>Wi\u0119cej realizacji<\/h3>\n\t\t\t\t<p>Poka\u017c wszystkie<\/p>\n\t\t\t<\/div>\n\t\t<\/div>\n    \t\t<div class=\"cases-grid__item load-hidden \" data-tilt data-tilt-max=\"0\" data-tilt-speed=\"1000\" data-tilt-perspective=\"500\"  data-tilt-scale=\"1.05\">\n<!--\t\t\t<div class=\"cases-grid__mask\"><\/div>-->\n<!--\t\t\t<div class=\"border-mask\"><\/div>-->\n\t\t\t<div class=\"cases-grid__image\">\n\t\t\t\t<img loading=\"lazy\" decoding=\"async\" decoding=\"async\" src=\"https:\/\/cepixel.com\/pl\/wp-content\/uploads\/sites\/4\/2019\/07\/IPP_cover-1.webp\" class=\"main-image\">\n\t\t\t<\/div>\n\t\t\t<a href=\"https:\/\/cepixel.com\/pl\/case-studies\/platforma-afiliacyjna\/\" class=\"cases-grid__desc\">\n\t\t\t\t<span class=\"label\">Aplikacja B2B<\/span>\n\t\t\t\t<h3>Platforma afiliacyjna<\/h3>\n\t\t\t\t<p>PROFI CREDIT<\/p>\n\t\t\t<\/a>\n\t\t\t<div class=\"cases-grid__next\" @click=\"toggleCases\">\n\t\t\t\t<h3>Wi\u0119cej realizacji<\/h3>\n\t\t\t\t<p>Poka\u017c wszystkie<\/p>\n\t\t\t<\/div>\n\t\t<\/div>\n    \t\t<div class=\"cases-grid__item load-hidden \" data-tilt data-tilt-max=\"0\" data-tilt-speed=\"1000\" data-tilt-perspective=\"500\"  data-tilt-scale=\"1.05\">\n<!--\t\t\t<div class=\"cases-grid__mask\"><\/div>-->\n<!--\t\t\t<div class=\"border-mask\"><\/div>-->\n\t\t\t<div class=\"cases-grid__image\">\n\t\t\t\t<img loading=\"lazy\" decoding=\"async\" decoding=\"async\" src=\"https:\/\/cepixel.com\/pl\/wp-content\/uploads\/sites\/4\/2019\/05\/Franpol-1.webp\" class=\"main-image\">\n\t\t\t<\/div>\n\t\t\t<a href=\"https:\/\/cepixel.com\/pl\/case-studies\/umebluj-swoj-kat\/\" class=\"cases-grid__desc\">\n\t\t\t\t<span class=\"label\">Zaawansowana baza produkt\u00f3w<\/span>\n\t\t\t\t<h3>Umebluj sw\u00f3j k\u0105t<\/h3>\n\t\t\t\t<p>FRANPOL<\/p>\n\t\t\t<\/a>\n\t\t\t<div class=\"cases-grid__next\" @click=\"toggleCases\">\n\t\t\t\t<h3>Wi\u0119cej realizacji<\/h3>\n\t\t\t\t<p>Poka\u017c wszystkie<\/p>\n\t\t\t<\/div>\n\t\t<\/div>\n    \t\t<div class=\"cases-grid__item load-hidden \" data-tilt data-tilt-max=\"0\" data-tilt-speed=\"1000\" data-tilt-perspective=\"500\"  data-tilt-scale=\"1.05\">\n<!--\t\t\t<div class=\"cases-grid__mask\"><\/div>-->\n<!--\t\t\t<div class=\"border-mask\"><\/div>-->\n\t\t\t<div class=\"cases-grid__image\">\n\t\t\t\t<img loading=\"lazy\" decoding=\"async\" decoding=\"async\" src=\"https:\/\/cepixel.com\/pl\/wp-content\/uploads\/sites\/4\/2019\/05\/Develop-min.png\" class=\"main-image\">\n\t\t\t<\/div>\n\t\t\t<a href=\"https:\/\/cepixel.com\/pl\/case-studies\/twoje-miejsce-na-ziemi\/\" class=\"cases-grid__desc\">\n\t\t\t\t<span class=\"label\">Strona www i Landing Page<\/span>\n\t\t\t\t<h3>Twoje miejsce na ziemi<\/h3>\n\t\t\t\t<p>DevelopRes<\/p>\n\t\t\t<\/a>\n\t\t\t<div class=\"cases-grid__next\" @click=\"toggleCases\">\n\t\t\t\t<h3>Wi\u0119cej realizacji<\/h3>\n\t\t\t\t<p>Poka\u017c wszystkie<\/p>\n\t\t\t<\/div>\n\t\t<\/div>\n    \t\t<div class=\"cases-grid__item load-hidden \" data-tilt data-tilt-max=\"0\" data-tilt-speed=\"1000\" data-tilt-perspective=\"500\"  data-tilt-scale=\"1.05\">\n<!--\t\t\t<div class=\"cases-grid__mask\"><\/div>-->\n<!--\t\t\t<div class=\"border-mask\"><\/div>-->\n\t\t\t<div class=\"cases-grid__image\">\n\t\t\t\t<img loading=\"lazy\" decoding=\"async\" decoding=\"async\" src=\"https:\/\/cepixel.com\/pl\/wp-content\/uploads\/sites\/4\/2019\/06\/image-8.png\" class=\"main-image\">\n\t\t\t<\/div>\n\t\t\t<a href=\"https:\/\/cepixel.com\/pl\/case-studies\/wiecej-niz-pozyczka\/\" class=\"cases-grid__desc\">\n\t\t\t\t<span class=\"label\">Zaawansowanie narz\u0119dzie sprzeda\u017cy<\/span>\n\t\t\t\t<h3>Wi\u0119cej ni\u017c po\u017cyczka<\/h3>\n\t\t\t\t<p>LendUp<\/p>\n\t\t\t<\/a>\n\t\t\t<div class=\"cases-grid__next\" @click=\"toggleCases\">\n\t\t\t\t<h3>Wi\u0119cej realizacji<\/h3>\n\t\t\t\t<p>Poka\u017c wszystkie<\/p>\n\t\t\t<\/div>\n\t\t<\/div>\n    \t\t<div class=\"cases-grid__item load-hidden \" data-tilt data-tilt-max=\"0\" data-tilt-speed=\"1000\" data-tilt-perspective=\"500\"  data-tilt-scale=\"1.05\">\n<!--\t\t\t<div class=\"cases-grid__mask\"><\/div>-->\n<!--\t\t\t<div class=\"border-mask\"><\/div>-->\n\t\t\t<div class=\"cases-grid__image\">\n\t\t\t\t<img loading=\"lazy\" decoding=\"async\" decoding=\"async\" src=\"https:\/\/cepixel.com\/pl\/wp-content\/uploads\/sites\/4\/2019\/09\/mdm_cover-min.png\" class=\"main-image\">\n\t\t\t<\/div>\n\t\t\t<a href=\"https:\/\/cepixel.com\/pl\/case-studies\/jeden-produkt-wiele-zastosowan\/\" class=\"cases-grid__desc\">\n\t\t\t\t<span class=\"label\">Strona RWD<\/span>\n\t\t\t\t<h3>Jeden produkt wiele zastosowa\u0144<\/h3>\n\t\t\t\t<p>mdm NT<\/p>\n\t\t\t<\/a>\n\t\t\t<div class=\"cases-grid__next\" @click=\"toggleCases\">\n\t\t\t\t<h3>Wi\u0119cej realizacji<\/h3>\n\t\t\t\t<p>Poka\u017c wszystkie<\/p>\n\t\t\t<\/div>\n\t\t<\/div>\n    \t\t<div class=\"cases-grid__item load-hidden \" data-tilt data-tilt-max=\"0\" data-tilt-speed=\"1000\" data-tilt-perspective=\"500\"  data-tilt-scale=\"1.05\">\n<!--\t\t\t<div class=\"cases-grid__mask\"><\/div>-->\n<!--\t\t\t<div class=\"border-mask\"><\/div>-->\n\t\t\t<div class=\"cases-grid__image\">\n\t\t\t\t<img loading=\"lazy\" decoding=\"async\" decoding=\"async\" src=\"https:\/\/cepixel.com\/pl\/wp-content\/uploads\/sites\/4\/2019\/05\/Commersoft.png\" class=\"main-image\">\n\t\t\t<\/div>\n\t\t\t<a href=\"https:\/\/cepixel.com\/pl\/case-studies\/aplikacja-crm-erp\/\" class=\"cases-grid__desc\">\n\t\t\t\t<span class=\"label\">Platforma B2B<\/span>\n\t\t\t\t<h3>Aplikacja CRM\/ERP<\/h3>\n\t\t\t\t<p>Commersoft<\/p>\n\t\t\t<\/a>\n\t\t\t<div class=\"cases-grid__next\" @click=\"toggleCases\">\n\t\t\t\t<h3>Wi\u0119cej realizacji<\/h3>\n\t\t\t\t<p>Poka\u017c wszystkie<\/p>\n\t\t\t<\/div>\n\t\t<\/div>\n    \t\t<div class=\"cases-grid__item load-hidden cases-grid__item--next\" data-tilt data-tilt-max=\"0\" data-tilt-speed=\"1000\" data-tilt-perspective=\"500\"  data-tilt-scale=\"1.05\">\n<!--\t\t\t<div class=\"cases-grid__mask\"><\/div>-->\n<!--\t\t\t<div class=\"border-mask\"><\/div>-->\n\t\t\t<div class=\"cases-grid__image\">\n\t\t\t\t<img loading=\"lazy\" decoding=\"async\" decoding=\"async\" src=\"https:\/\/cepixel.com\/pl\/wp-content\/uploads\/sites\/4\/2019\/06\/GetStairs_cover-min.png\" class=\"main-image\">\n\t\t\t<\/div>\n\t\t\t<a href=\"https:\/\/cepixel.com\/pl\/case-studies\/inspiracje-schodowe\/\" class=\"cases-grid__desc\">\n\t\t\t\t<span class=\"label\">Platforma Webowa<\/span>\n\t\t\t\t<h3>Inspiracje schodowe<\/h3>\n\t\t\t\t<p>GetStairs<\/p>\n\t\t\t<\/a>\n\t\t\t<div class=\"cases-grid__next\" @click=\"toggleCases\">\n\t\t\t\t<h3>Wi\u0119cej realizacji<\/h3>\n\t\t\t\t<p>Poka\u017c wszystkie<\/p>\n\t\t\t<\/div>\n\t\t<\/div>\n    \t\t<div class=\"cases-grid__item load-hidden \" data-tilt data-tilt-max=\"0\" data-tilt-speed=\"1000\" data-tilt-perspective=\"500\"  data-tilt-scale=\"1.05\">\n<!--\t\t\t<div class=\"cases-grid__mask\"><\/div>-->\n<!--\t\t\t<div class=\"border-mask\"><\/div>-->\n\t\t\t<div class=\"cases-grid__image\">\n\t\t\t\t<img loading=\"lazy\" decoding=\"async\" decoding=\"async\" src=\"https:\/\/cepixel.com\/pl\/wp-content\/uploads\/sites\/4\/2019\/09\/GrandBeef-min-2.png\" class=\"main-image\">\n\t\t\t<\/div>\n\t\t\t<a href=\"https:\/\/cepixel.com\/pl\/case-studies\/restauracja-steak-burger\/\" class=\"cases-grid__desc\">\n\t\t\t\t<span class=\"label\">Branding i Strona www<\/span>\n\t\t\t\t<h3>Restauracja Steak &#038; Burger<\/h3>\n\t\t\t\t<p>GRAND BEEF<\/p>\n\t\t\t<\/a>\n\t\t\t<div class=\"cases-grid__next\" @click=\"toggleCases\">\n\t\t\t\t<h3>Wi\u0119cej realizacji<\/h3>\n\t\t\t\t<p>Poka\u017c wszystkie<\/p>\n\t\t\t<\/div>\n\t\t<\/div>\n    \t\t<div class=\"cases-grid__item load-hidden \" data-tilt data-tilt-max=\"0\" data-tilt-speed=\"1000\" data-tilt-perspective=\"500\"  data-tilt-scale=\"1.05\">\n<!--\t\t\t<div class=\"cases-grid__mask\"><\/div>-->\n<!--\t\t\t<div class=\"border-mask\"><\/div>-->\n\t\t\t<div class=\"cases-grid__image\">\n\t\t\t\t<img loading=\"lazy\" decoding=\"async\" decoding=\"async\" src=\"https:\/\/cepixel.com\/pl\/wp-content\/uploads\/sites\/4\/2019\/09\/Hospicjum_cover-min.png\" class=\"main-image\">\n\t\t\t<\/div>\n\t\t\t<a href=\"https:\/\/cepixel.com\/pl\/case-studies\/pomoz-zanim-zabraknie-czasu\/\" class=\"cases-grid__desc\">\n\t\t\t\t<span class=\"label\">Narz\u0119dzia internetowe i Kampania<\/span>\n\t\t\t\t<h3>Pom\u00f3\u017c zanim zabraknie czasu<\/h3>\n\t\t\t\t<p>Hospicjum dla Dzieci<\/p>\n\t\t\t<\/a>\n\t\t\t<div class=\"cases-grid__next\" @click=\"toggleCases\">\n\t\t\t\t<h3>Wi\u0119cej realizacji<\/h3>\n\t\t\t\t<p>Poka\u017c wszystkie<\/p>\n\t\t\t<\/div>\n\t\t<\/div>\n    \t\t<div class=\"cases-grid__item load-hidden \" data-tilt data-tilt-max=\"0\" data-tilt-speed=\"1000\" data-tilt-perspective=\"500\"  data-tilt-scale=\"1.05\">\n<!--\t\t\t<div class=\"cases-grid__mask\"><\/div>-->\n<!--\t\t\t<div class=\"border-mask\"><\/div>-->\n\t\t\t<div class=\"cases-grid__image\">\n\t\t\t\t<img loading=\"lazy\" decoding=\"async\" decoding=\"async\" src=\"https:\/\/cepixel.com\/pl\/wp-content\/uploads\/sites\/4\/2019\/09\/MEDIREN.png\" class=\"main-image\">\n\t\t\t<\/div>\n\t\t\t<a href=\"https:\/\/cepixel.com\/pl\/case-studies\/rekrutacja-personelu-medycznego\/\" class=\"cases-grid__desc\">\n\t\t\t\t<span class=\"label\">Branding i Strona www<\/span>\n\t\t\t\t<h3>Rekrutacja personelu medycznego<\/h3>\n\t\t\t\t<p>MEDIREN<\/p>\n\t\t\t<\/a>\n\t\t\t<div class=\"cases-grid__next\" @click=\"toggleCases\">\n\t\t\t\t<h3>Wi\u0119cej realizacji<\/h3>\n\t\t\t\t<p>Poka\u017c wszystkie<\/p>\n\t\t\t<\/div>\n\t\t<\/div>\n    \t\t<div class=\"cases-grid__item load-hidden \" data-tilt data-tilt-max=\"0\" data-tilt-speed=\"1000\" data-tilt-perspective=\"500\"  data-tilt-scale=\"1.05\">\n<!--\t\t\t<div class=\"cases-grid__mask\"><\/div>-->\n<!--\t\t\t<div class=\"border-mask\"><\/div>-->\n\t\t\t<div class=\"cases-grid__image\">\n\t\t\t\t<img loading=\"lazy\" decoding=\"async\" decoding=\"async\" src=\"https:\/\/cepixel.com\/pl\/wp-content\/uploads\/sites\/4\/2019\/09\/Gmina-min.png\" class=\"main-image\">\n\t\t\t<\/div>\n\t\t\t<a href=\"https:\/\/cepixel.com\/pl\/case-studies\/aktywnie-i-wirtualnie\/\" class=\"cases-grid__desc\">\n\t\t\t\t<span class=\"label\">Platforma informacyjna<\/span>\n\t\t\t\t<h3>Aktywnie i wirtualnie<\/h3>\n\t\t\t\t<p>Gmina Bi\u0142goraj<\/p>\n\t\t\t<\/a>\n\t\t\t<div class=\"cases-grid__next\" @click=\"toggleCases\">\n\t\t\t\t<h3>Wi\u0119cej realizacji<\/h3>\n\t\t\t\t<p>Poka\u017c wszystkie<\/p>\n\t\t\t<\/div>\n\t\t<\/div>\n    \t\t<div class=\"cases-grid__item load-hidden \" data-tilt data-tilt-max=\"0\" data-tilt-speed=\"1000\" data-tilt-perspective=\"500\"  data-tilt-scale=\"1.05\">\n<!--\t\t\t<div class=\"cases-grid__mask\"><\/div>-->\n<!--\t\t\t<div class=\"border-mask\"><\/div>-->\n\t\t\t<div class=\"cases-grid__image\">\n\t\t\t\t<img loading=\"lazy\" decoding=\"async\" decoding=\"async\" src=\"https:\/\/cepixel.com\/pl\/wp-content\/uploads\/sites\/4\/2019\/06\/Stal_cover-min.png\" class=\"main-image\">\n\t\t\t<\/div>\n\t\t\t<a href=\"https:\/\/cepixel.com\/pl\/case-studies\/oficjalny-serwis-zuzla\/\" class=\"cases-grid__desc\">\n\t\t\t\t<span class=\"label\">Serwis informacyjny<\/span>\n\t\t\t\t<h3>Oficjalny serwis \u017cu\u017cla<\/h3>\n\t\t\t\t<p>Speedway Stal Rzesz\u00f3w<\/p>\n\t\t\t<\/a>\n\t\t\t<div class=\"cases-grid__next\" @click=\"toggleCases\">\n\t\t\t\t<h3>Wi\u0119cej realizacji<\/h3>\n\t\t\t\t<p>Poka\u017c wszystkie<\/p>\n\t\t\t<\/div>\n\t\t<\/div>\n    \n<\/div><\/div><\/div><\/div><\/div>\n\n<div id=\"pl-gb23-69e041296e501\"  class=\"panel-layout\" ><div id=\"pg-gb23-69e041296e501-0\"  class=\"panel-grid panel-has-style\" ><div class=\"show-cases panel-row-style panel-row-style-for-gb23-69e041296e501-0\" ><div id=\"pgc-gb23-69e041296e501-0-0\"  class=\"panel-grid-cell\" ><div id=\"panel-gb23-69e041296e501-0-0-0\" class=\"so-panel widget widget_cp_cta panel-first-child panel-last-child\" data-index=\"0\" ><div class=\"so-widget-cp_cta so-widget-cp_cta-base\"><div class=\"cp-cta-widget  load-hidden\">\n\t\t<div class=\"cta\">\n\n\n        \n\t\t<div class=\"cta__title\">\n            Jeste\u015b zainteresowany <b>wsp\u00f3\u0142prac\u0105 z nami<\/b>?\t\t<\/div>\n\t\t<div class=\"cta__content\">\n\n            \t\t\t\t<a href=\"https:\/\/cepixel.com\/pl\/kosztorys\/\" class=\"btn\">\n\t\t\t\n\t\t\t\t\t<div class=\"btn__content\">\n\t\t\t\t\t\t<span>\n\t\t\t\t\t\t\tWy\u015blij zapytanie\t\t\t\t\t\t<\/span>\n\n\t\t\t\t\t\t<div class=\"icon icon--4\">arrow_right_s<\/div>\n\t\t\t\t\t<\/div>\n\n\t\t\t\t\t<span class=\"btn__svg\">\n\t\t\t\t\t\t<svg width=\"100%\" height=\"41\">\n\t\t\t\t\t\t\t<defs>\n\t\t\t\t\t\t\t\t<linearGradient id=\"grad1\">\n\t\t\t\t\t\t\t\t\t<stop offset=\"0%\" stop-color=\"#fff\"><\/stop>\n\t\t\t\t\t\t\t\t\t<stop offset=\"100%\" stop-color=\"#fff\"><\/stop>\n\t\t\t\t\t\t\t\t<\/linearGradient>\n\t\t\t\t\t\t\t<\/defs>\n\t\t\t\t\t\t\t<rect x=\".5\" y=\"1.5\" rx=\"20\" fill=\"none\" stroke=\"url(#grad1)\" width=\"99.5%\" height=\"38\"><\/rect>\n\t\t\t\t\t\t<\/svg>\n\t\t\t\t\t<\/span>\n\t\t\t<\/a>\n\t\t<\/div>\n\t<\/div>\n<\/div>\n<\/div><\/div><\/div><\/div><\/div><\/div>\n\n<div id=\"pl-gb23-69e041296f7eb\"  class=\"panel-layout\" ><div id=\"pg-gb23-69e041296f7eb-0\"  class=\"panel-grid panel-no-style\" ><div id=\"pgc-gb23-69e041296f7eb-0-0\"  class=\"panel-grid-cell\" ><div id=\"panel-gb23-69e041296f7eb-0-0-0\" class=\"so-panel widget widget_cp_achievements panel-first-child panel-last-child\" data-index=\"0\" ><div class=\"so-widget-cp_achievements so-widget-cp_achievements-base\"><div class=\"achievements load-hidden\">\n\n\t<div class=\"achievements__wrapper\">\n\t\t<div class=\"achievements__scroll\" id=\"waves\">\n\n                        \n\t\t\t\t<div class=\"achievements__item  \">\n\n\t\t\t\t\t\t\t\t\t\t<div class=\"achievement-image\">\n\t\t\t\t\t\t<img loading=\"lazy\" decoding=\"async\" decoding=\"async\" src=\"https:\/\/cepixel.com\/pl\/wp-content\/themes\/cepixel\/assets\/images\/wave.svg\" class=\"wave\">\n\t\t\t\t\t<\/div>\n\n\t\t\t\t\t<div class=\"achievements__desc\">\n\t\t\t\t\t\t<img loading=\"lazy\" decoding=\"async\" decoding=\"async\" src=\"https:\/\/cepixel.com\/pl\/wp-content\/uploads\/sites\/4\/2019\/08\/1-1.webp\">\n\t\t\t\t\t\t<h3>\n<p>Adobe Behance Interaction<\/p>\n<\/h3>\n\t\t\t\t\t\t<p>Gratulacje dla nas! Zdobyli\u015bmy wyr\u00f3\u017cnienie od Behance za interaktywno\u015b\u0107 w E-commerce.<\/p>\n\t\t\t\t\t<\/div>\n\t\t\t\t<\/div>\n\n            \n\t\t\t\t<div class=\"achievements__item  \">\n\n\t\t\t\t\t\t\t\t\t\t<div class=\"achievement-image\">\n\t\t\t\t\t\t<img loading=\"lazy\" decoding=\"async\" decoding=\"async\" src=\"https:\/\/cepixel.com\/pl\/wp-content\/themes\/cepixel\/assets\/images\/wave.svg\" class=\"wave\">\n\t\t\t\t\t<\/div>\n\n\t\t\t\t\t<div class=\"achievements__desc\">\n\t\t\t\t\t\t<img loading=\"lazy\" decoding=\"async\" decoding=\"async\" src=\"https:\/\/cepixel.com\/pl\/wp-content\/uploads\/sites\/4\/2019\/08\/2.png\">\n\t\t\t\t\t\t<h3>\n<p>Profesjonalizm, kreatywno\u015b\u0107, jak r\u00f3wnie\u017c terminowo\u015b\u0107 i zaanga\u017cowanie. Poziom us\u0142ug oceniamy bardzo wysoko&#8230;<\/p>\n<\/h3>\n\t\t\t\t\t\t<p>S. Christow &#8211; Ministerstwo Gospodarki<\/p>\n\t\t\t\t\t<\/div>\n\t\t\t\t<\/div>\n\n            \n\t\t\t\t<div class=\"achievements__item  has-bg  \">\n\n\t\t\t\t\t\t\t\t\t\t<div class=\"achievement-bg\">\n                        <img width=\"840\" height=\"580\" src=\"https:\/\/cepixel.com\/pl\/wp-content\/uploads\/sites\/4\/2019\/08\/DLP-min-1.webp\" class=\"achievement-bg__img\" alt=\"DevelopRes\" loading=\"lazy\" decoding=\"async\" srcset=\"https:\/\/cepixel.com\/pl\/wp-content\/uploads\/sites\/4\/2019\/08\/DLP-min-1.webp 840w, https:\/\/cepixel.com\/pl\/wp-content\/uploads\/sites\/4\/2019\/08\/DLP-min-1-300x207.webp 300w, https:\/\/cepixel.com\/pl\/wp-content\/uploads\/sites\/4\/2019\/08\/DLP-min-1-768x530.webp 768w\" sizes=\"(max-width: 840px) 100vw, 840px\" \/>\t\t\t\t\t<\/div>\n\t\t\t\t\t\t\t\t\t\t<div class=\"achievement-image\">\n\t\t\t\t\t\t<img loading=\"lazy\" decoding=\"async\" decoding=\"async\" src=\"https:\/\/cepixel.com\/pl\/wp-content\/themes\/cepixel\/assets\/images\/wave.svg\" class=\"wave\">\n\t\t\t\t\t<\/div>\n\n\t\t\t\t\t<div class=\"achievements__desc\">\n\t\t\t\t\t\t<img loading=\"lazy\" decoding=\"async\" decoding=\"async\" src=\"https:\/\/cepixel.com\/pl\/wp-content\/uploads\/sites\/4\/2019\/08\/3.png\">\n\t\t\t\t\t\t<h3>\n<p>Ponad 15 projekt\u00f3w wykonanych w trakcie wsp\u00f3\u0142pracy!<\/p>\n<\/h3>\n\t\t\t\t\t\t<p>DevelopRes<\/p>\n\t\t\t\t\t<\/div>\n\t\t\t\t<\/div>\n\n            \n\t\t\t\t<div class=\"achievements__item  \">\n\n\t\t\t\t\t\t\t\t\t\t<div class=\"achievement-image\">\n\t\t\t\t\t\t<img loading=\"lazy\" decoding=\"async\" decoding=\"async\" src=\"https:\/\/cepixel.com\/pl\/wp-content\/themes\/cepixel\/assets\/images\/wave.svg\" class=\"wave\">\n\t\t\t\t\t<\/div>\n\n\t\t\t\t\t<div class=\"achievements__desc\">\n\t\t\t\t\t\t<img loading=\"lazy\" decoding=\"async\" decoding=\"async\" src=\"https:\/\/cepixel.com\/pl\/wp-content\/uploads\/sites\/4\/2019\/08\/2.png\">\n\t\t\t\t\t\t<h3>\n<p>\u0141atwy w obs\u0142udze i atrakcyjny graficznie Landing Page znacz\u0105co podwy\u017cszy\u0142 liczb\u0119 konwersji oraz wyd\u0142u\u017cy\u0142 czas pobytu na stronie&#8230;<\/p>\n<\/h3>\n\t\t\t\t\t\t<p>J. Czulak &#8211; PROFI CREDIT<\/p>\n\t\t\t\t\t<\/div>\n\t\t\t\t<\/div>\n\n            \n\t\t\t\t<div class=\"achievements__item  has-bg  \">\n\n\t\t\t\t\t\t\t\t\t\t<div class=\"achievement-bg\">\n                        <img width=\"840\" height=\"580\" src=\"https:\/\/cepixel.com\/pl\/wp-content\/uploads\/sites\/4\/2019\/09\/MR-min-1-1.webp\" class=\"achievement-bg__img\" alt=\"MEDIREN\" loading=\"lazy\" decoding=\"async\" srcset=\"https:\/\/cepixel.com\/pl\/wp-content\/uploads\/sites\/4\/2019\/09\/MR-min-1-1.webp 840w, https:\/\/cepixel.com\/pl\/wp-content\/uploads\/sites\/4\/2019\/09\/MR-min-1-1-300x207.webp 300w, https:\/\/cepixel.com\/pl\/wp-content\/uploads\/sites\/4\/2019\/09\/MR-min-1-1-768x530.webp 768w\" sizes=\"(max-width: 840px) 100vw, 840px\" \/>\t\t\t\t\t<\/div>\n\t\t\t\t\t\t\t\t\t\t<div class=\"achievement-image\">\n\t\t\t\t\t\t<img loading=\"lazy\" decoding=\"async\" decoding=\"async\" src=\"https:\/\/cepixel.com\/pl\/wp-content\/themes\/cepixel\/assets\/images\/wave.svg\" class=\"wave\">\n\t\t\t\t\t<\/div>\n\n\t\t\t\t\t<div class=\"achievements__desc\">\n\t\t\t\t\t\t<img loading=\"lazy\" decoding=\"async\" decoding=\"async\" src=\"https:\/\/cepixel.com\/pl\/wp-content\/uploads\/sites\/4\/2019\/09\/icon_2k.png\">\n\t\t\t\t\t\t<h3>\n<p>Ponad 2,000 godzin sp\u0119dzonych na realizowaniu projekt\u00f3w<\/p>\n<\/h3>\n\t\t\t\t\t\t<p>MEDIREN<\/p>\n\t\t\t\t\t<\/div>\n\t\t\t\t<\/div>\n\n            \n\t\t\t\t<div class=\"achievements__item  has-bg  \">\n\n\t\t\t\t\t\t\t\t\t\t<div class=\"achievement-bg\">\n                        <img width=\"840\" height=\"580\" src=\"https:\/\/cepixel.com\/pl\/wp-content\/uploads\/sites\/4\/2019\/09\/PRC-min-1.webp\" class=\"achievement-bg__img\" alt=\"PROFI CREDIT\" loading=\"lazy\" decoding=\"async\" srcset=\"https:\/\/cepixel.com\/pl\/wp-content\/uploads\/sites\/4\/2019\/09\/PRC-min-1.webp 840w, https:\/\/cepixel.com\/pl\/wp-content\/uploads\/sites\/4\/2019\/09\/PRC-min-1-300x207.webp 300w, https:\/\/cepixel.com\/pl\/wp-content\/uploads\/sites\/4\/2019\/09\/PRC-min-1-768x530.webp 768w\" sizes=\"(max-width: 840px) 100vw, 840px\" \/>\t\t\t\t\t<\/div>\n\t\t\t\t\t\t\t\t\t\t<div class=\"achievement-image\">\n\t\t\t\t\t\t<img loading=\"lazy\" decoding=\"async\" decoding=\"async\" src=\"https:\/\/cepixel.com\/pl\/wp-content\/themes\/cepixel\/assets\/images\/wave.svg\" class=\"wave\">\n\t\t\t\t\t<\/div>\n\n\t\t\t\t\t<div class=\"achievements__desc\">\n\t\t\t\t\t\t<img loading=\"lazy\" decoding=\"async\" decoding=\"async\" src=\"https:\/\/cepixel.com\/pl\/wp-content\/uploads\/sites\/4\/2019\/09\/icon_5.png\">\n\t\t\t\t\t\t<h3>\n<p>Ju\u017c 5 lat wsp\u00f3\u0142pracy za nami!<\/p>\n<\/h3>\n\t\t\t\t\t\t<p>PROFI CREDIT<\/p>\n\t\t\t\t\t<\/div>\n\t\t\t\t<\/div>\n\n            \n\t\t\t<div class=\"achievement-separator\"><\/div>\n\n\t\t<\/div>\n\n\n\t<\/div>\n<\/div>\n\n<\/div><\/div><\/div><\/div><\/div>","protected":false},"excerpt":{"rendered":"","protected":false},"author":1,"featured_media":1101,"parent":0,"menu_order":0,"comment_status":"closed","ping_status":"closed","template":"page-templates\/cases.php","meta":{"footnotes":""},"_links":{"self":[{"href":"https:\/\/cepixel.com\/pl\/wp-json\/wp\/v2\/pages\/23"}],"collection":[{"href":"https:\/\/cepixel.com\/pl\/wp-json\/wp\/v2\/pages"}],"about":[{"href":"https:\/\/cepixel.com\/pl\/wp-json\/wp\/v2\/types\/page"}],"author":[{"embeddable":true,"href":"https:\/\/cepixel.com\/pl\/wp-json\/wp\/v2\/users\/1"}],"replies":[{"embeddable":true,"href":"https:\/\/cepixel.com\/pl\/wp-json\/wp\/v2\/comments?post=23"}],"version-history":[{"count":33,"href":"https:\/\/cepixel.com\/pl\/wp-json\/wp\/v2\/pages\/23\/revisions"}],"predecessor-version":[{"id":1260,"href":"https:\/\/cepixel.com\/pl\/wp-json\/wp\/v2\/pages\/23\/revisions\/1260"}],"wp:featuredmedia":[{"embeddable":true,"href":"https:\/\/cepixel.com\/pl\/wp-json\/wp\/v2\/media\/1101"}],"wp:attachment":[{"href":"https:\/\/cepixel.com\/pl\/wp-json\/wp\/v2\/media?parent=23"}],"curies":[{"name":"wp","href":"https:\/\/api.w.org\/{rel}","templated":true}]}}